{"id":3198,"date":"2023-05-20T20:31:45","date_gmt":"2023-05-20T18:31:45","guid":{"rendered":"https:\/\/digital-selforder.com\/itbehrenbeck\/?page_id=3198"},"modified":"2023-06-08T12:03:38","modified_gmt":"2023-06-08T10:03:38","slug":"zulassungsstellen","status":"publish","type":"page","link":"https:\/\/digital-selforder.com\/itbehrenbeck\/zulassungsstellen\/","title":{"rendered":"Zulassungsstellen"},"content":{"rendered":"\t\t<div data-elementor-type=\"wp-page\" data-elementor-id=\"3198\" class=\"elementor elementor-3198\">\n\t\t\t\t\t\t\t\t\t<section class=\"elementor-section elementor-top-section elementor-element elementor-element-b195617 elementor-section-stretched elementor-section-boxed elementor-section-height-default elementor-section-height-default\" data-id=\"b195617\" data-element_type=\"section\" data-settings=\"{&quot;background_background&quot;:&quot;classic&quot;,&quot;stretch_section&quot;:&quot;section-stretched&quot;}\">\n\t\t\t\t\t\t<div class=\"elementor-container elementor-column-gap-default\">\n\t\t\t\t\t<div class=\"elementor-column elementor-col-100 elementor-top-column elementor-element elementor-element-24335c9\" data-id=\"24335c9\" data-element_type=\"column\">\n\t\t\t<div class=\"elementor-widget-wrap elementor-element-populated\">\n\t\t\t\t\t\t\t\t<div class=\"elementor-element elementor-element-10b1ffd elementor-widget elementor-widget-elementskit-heading\" data-id=\"10b1ffd\" data-element_type=\"widget\" data-widget_type=\"elementskit-heading.default\">\n\t\t\t\t<div class=\"elementor-widget-container\">\n\t\t\t<div class=\"ekit-wid-con\" ><div class=\"ekit-heading elementskit-section-title-wraper text_left   ekit_heading_tablet-   ekit_heading_mobile-center\"><h2 class=\"ekit-heading--title elementskit-section-title \">Zulassungsstellen \/ Auto online abmelden<\/h2>\t\t\t\t<div class='ekit-heading__description'>\n\t\t\t\t\t<p>Hier \u00fcber die Webpr\u00e4sens kfz24onlineabmeldung.de, k\u00f6nnen Fahrzeuge aus allen Bundesl\u00e4ndern abgemeldet werden. Es ist unerheblich welche Kfz-Zulassungsstelle oder welches Stra\u00dfenverkehrsamt zust\u00e4ndig ist.<\/p>\n<p>Hier k\u00f6nnen Sie Ihr Wohnmobil, Pkw, Lkw, Motorrad, Quad, Anh\u00e4nger und Traktor Deutschlandweit abmelden.<\/p>\n<p>Sie ben\u00f6tigen KEINEN Termin bei Ihrer Beh\u00f6rde. In 3 Minuten k\u00f6nnen Sie Ihr Fahrzeug\u00a0<a href=\"https:\/\/digital-selforder.com\/itbehrenbeck\/product\/kfz-abmeldung\/\">hier<\/a>\u00a0abmelden.<\/p>\n\t\t\t\t<\/div>\n\t\t\t<\/div><\/div>\t\t<\/div>\n\t\t\t\t<\/div>\n\t\t\t\t<div class=\"elementor-element elementor-element-7e483d5 elementor-widget elementor-widget-image\" data-id=\"7e483d5\" data-element_type=\"widget\" data-widget_type=\"image.default\">\n\t\t\t\t<div class=\"elementor-widget-container\">\n\t\t\t<style>\/*! elementor - v3.18.0 - 20-12-2023 *\/\n.elementor-widget-image{text-align:center}.elementor-widget-image a{display:inline-block}.elementor-widget-image a img[src$=\".svg\"]{width:48px}.elementor-widget-image img{vertical-align:middle;display:inline-block}<\/style>\t\t\t\t\t\t\t\t\t\t\t\t<img fetchpriority=\"high\" decoding=\"async\" width=\"1024\" height=\"681\" src=\"https:\/\/digital-selforder.com\/itbehrenbeck\/wp-content\/uploads\/2023\/06\/pexels-pixabay-269790-1024x681.jpg\" class=\"attachment-large size-large wp-image-4036\" alt=\"\" srcset=\"https:\/\/digital-selforder.com\/itbehrenbeck\/wp-content\/uploads\/2023\/06\/pexels-pixabay-269790-1024x681.jpg 1024w, https:\/\/digital-selforder.com\/itbehrenbeck\/wp-content\/uploads\/2023\/06\/pexels-pixabay-269790-300x200.jpg 300w, https:\/\/digital-selforder.com\/itbehrenbeck\/wp-content\/uploads\/2023\/06\/pexels-pixabay-269790-768x511.jpg 768w, https:\/\/digital-selforder.com\/itbehrenbeck\/wp-content\/uploads\/2023\/06\/pexels-pixabay-269790-1536x1022.jpg 1536w, https:\/\/digital-selforder.com\/itbehrenbeck\/wp-content\/uploads\/2023\/06\/pexels-pixabay-269790-504x335.jpg 504w, https:\/\/digital-selforder.com\/itbehrenbeck\/wp-content\/uploads\/2023\/06\/pexels-pixabay-269790.jpg 1920w\" sizes=\"(max-width: 1024px) 100vw, 1024px\" \/>\t\t\t\t\t\t\t\t\t\t\t\t\t\t\t<\/div>\n\t\t\t\t<\/div>\n\t\t\t\t<div class=\"elementor-element elementor-element-835bb96 elementor-widget elementor-widget-elementskit-button\" data-id=\"835bb96\" data-element_type=\"widget\" data-widget_type=\"elementskit-button.default\">\n\t\t\t\t<div class=\"elementor-widget-container\">\n\t\t\t<div class=\"ekit-wid-con\" >\t\t<div class=\"ekit-btn-wraper\">\n\t\t\t\t\t\t\t<a href=\"https:\/\/digital-selforder.com\/itbehrenbeck\/product\/kfz-abmeldung\/\" class=\"elementskit-btn  whitespace--normal\" >\n\t\t\t\t\t\n\t\t\t\t\t\n\t\t\t\t\tjetzt Kfz online abmelden\t\t\t\t<\/a>\n\t\t\t\t\t\t<\/div>\n        <\/div>\t\t<\/div>\n\t\t\t\t<\/div>\n\t\t\t\t\t<\/div>\n\t\t<\/div>\n\t\t\t\t\t\t\t<\/div>\n\t\t<\/section>\n\t\t\t\t\t\t\t<\/div>\n\t\t","protected":false},"excerpt":{"rendered":"<p>Zulassungsstellen \/ Auto online abmelden Hier \u00fcber die Webpr\u00e4sens kfz24onlineabmeldung.de, k\u00f6nnen Fahrzeuge aus allen Bundesl\u00e4ndern abgemeldet werden. Es ist unerheblich welche Kfz-Zulassungsstelle oder welches Stra\u00dfenverkehrsamt zust\u00e4ndig ist. Hier k\u00f6nnen Sie Ihr Wohnmobil, Pkw, Lkw, Motorrad, Quad, Anh\u00e4nger und Traktor Deutschlandweit abmelden. Sie ben\u00f6tigen KEINEN Termin bei Ihrer Beh\u00f6rde. In 3 Minuten k\u00f6nnen Sie Ihr Fahrzeug\u00a0hier\u00a0abmelden. [&hellip;]<\/p>\n","protected":false},"author":1,"featured_media":0,"parent":0,"menu_order":0,"comment_status":"closed","ping_status":"closed","template":"","meta":{"footnotes":""},"class_list":["post-3198","page","type-page","status-publish","hentry","entry"],"yoast_head":"<!-- This site is optimized with the Yoast SEO Premium plugin v20.13 (Yoast SEO v21.7) - https:\/\/yoast.com\/wordpress\/plugins\/seo\/ -->\n<title>Zulassungsstellen - IT Behrenbeck<\/title>\n<meta name=\"robots\" content=\"index, follow, max-snippet:-1, max-image-preview:large, max-video-preview:-1\" \/>\n<link rel=\"canonical\" href=\"https:\/\/digital-selforder.com\/itbehrenbeck\/zulassungsstellen\/\" \/>\n<meta property=\"og:locale\" content=\"de_DE\" \/>\n<meta property=\"og:type\" content=\"article\" \/>\n<meta property=\"og:title\" content=\"Zulassungsstellen\" \/>\n<meta property=\"og:description\" content=\"Zulassungsstellen \/ Auto online abmelden Hier \u00fcber die Webpr\u00e4sens kfz24onlineabmeldung.de, k\u00f6nnen Fahrzeuge aus allen Bundesl\u00e4ndern abgemeldet werden. Es ist unerheblich welche Kfz-Zulassungsstelle oder welches Stra\u00dfenverkehrsamt zust\u00e4ndig ist. Hier k\u00f6nnen Sie Ihr Wohnmobil, Pkw, Lkw, Motorrad, Quad, Anh\u00e4nger und Traktor Deutschlandweit abmelden. Sie ben\u00f6tigen KEINEN Termin bei Ihrer Beh\u00f6rde. In 3 Minuten k\u00f6nnen Sie Ihr Fahrzeug\u00a0hier\u00a0abmelden. [&hellip;]\" \/>\n<meta property=\"og:url\" content=\"https:\/\/digital-selforder.com\/itbehrenbeck\/zulassungsstellen\/\" \/>\n<meta property=\"og:site_name\" content=\"IT Behrenbeck\" \/>\n<meta property=\"article:modified_time\" content=\"2023-06-08T10:03:38+00:00\" \/>\n<meta property=\"og:image\" content=\"https:\/\/digital-selforder.com\/itbehrenbeck\/wp-content\/uploads\/2023\/06\/pexels-pixabay-269790-1024x681.jpg\" \/>\n<meta name=\"twitter:card\" content=\"summary_large_image\" \/>\n<meta name=\"twitter:label1\" content=\"Gesch\u00e4tzte Lesezeit\" \/>\n\t<meta name=\"twitter:data1\" content=\"1\u00a0Minute\" \/>\n<script type=\"application\/ld+json\" class=\"yoast-schema-graph\">{\"@context\":\"https:\/\/schema.org\",\"@graph\":[{\"@type\":\"WebPage\",\"@id\":\"https:\/\/digital-selforder.com\/itbehrenbeck\/zulassungsstellen\/\",\"url\":\"https:\/\/digital-selforder.com\/itbehrenbeck\/zulassungsstellen\/\",\"name\":\"Zulassungsstellen - IT Behrenbeck\",\"isPartOf\":{\"@id\":\"https:\/\/digital-selforder.com\/itbehrenbeck\/#website\"},\"datePublished\":\"2023-05-20T18:31:45+00:00\",\"dateModified\":\"2023-06-08T10:03:38+00:00\",\"breadcrumb\":{\"@id\":\"https:\/\/digital-selforder.com\/itbehrenbeck\/zulassungsstellen\/#breadcrumb\"},\"inLanguage\":\"de\",\"potentialAction\":[{\"@type\":\"ReadAction\",\"target\":[\"https:\/\/digital-selforder.com\/itbehrenbeck\/zulassungsstellen\/\"]}]},{\"@type\":\"BreadcrumbList\",\"@id\":\"https:\/\/digital-selforder.com\/itbehrenbeck\/zulassungsstellen\/#breadcrumb\",\"itemListElement\":[{\"@type\":\"ListItem\",\"position\":1,\"name\":\"Home\",\"item\":\"https:\/\/digital-selforder.com\/itbehrenbeck\/\"},{\"@type\":\"ListItem\",\"position\":2,\"name\":\"Zulassungsstellen\"}]},{\"@type\":\"WebSite\",\"@id\":\"https:\/\/digital-selforder.com\/itbehrenbeck\/#website\",\"url\":\"https:\/\/digital-selforder.com\/itbehrenbeck\/\",\"name\":\"IT Behrenbeck\",\"description\":\"\",\"potentialAction\":[{\"@type\":\"SearchAction\",\"target\":{\"@type\":\"EntryPoint\",\"urlTemplate\":\"https:\/\/digital-selforder.com\/itbehrenbeck\/?s={search_term_string}\"},\"query-input\":\"required name=search_term_string\"}],\"inLanguage\":\"de\"}]}<\/script>\n<!-- \/ Yoast SEO Premium plugin. -->","yoast_head_json":{"title":"Zulassungsstellen - IT Behrenbeck","robots":{"index":"index","follow":"follow","max-snippet":"max-snippet:-1","max-image-preview":"max-image-preview:large","max-video-preview":"max-video-preview:-1"},"canonical":"https:\/\/digital-selforder.com\/itbehrenbeck\/zulassungsstellen\/","og_locale":"de_DE","og_type":"article","og_title":"Zulassungsstellen","og_description":"Zulassungsstellen \/ Auto online abmelden Hier \u00fcber die Webpr\u00e4sens kfz24onlineabmeldung.de, k\u00f6nnen Fahrzeuge aus allen Bundesl\u00e4ndern abgemeldet werden. Es ist unerheblich welche Kfz-Zulassungsstelle oder welches Stra\u00dfenverkehrsamt zust\u00e4ndig ist. Hier k\u00f6nnen Sie Ihr Wohnmobil, Pkw, Lkw, Motorrad, Quad, Anh\u00e4nger und Traktor Deutschlandweit abmelden. Sie ben\u00f6tigen KEINEN Termin bei Ihrer Beh\u00f6rde. In 3 Minuten k\u00f6nnen Sie Ihr Fahrzeug\u00a0hier\u00a0abmelden. [&hellip;]","og_url":"https:\/\/digital-selforder.com\/itbehrenbeck\/zulassungsstellen\/","og_site_name":"IT Behrenbeck","article_modified_time":"2023-06-08T10:03:38+00:00","og_image":[{"url":"https:\/\/digital-selforder.com\/itbehrenbeck\/wp-content\/uploads\/2023\/06\/pexels-pixabay-269790-1024x681.jpg"}],"twitter_card":"summary_large_image","twitter_misc":{"Gesch\u00e4tzte Lesezeit":"1\u00a0Minute"},"schema":{"@context":"https:\/\/schema.org","@graph":[{"@type":"WebPage","@id":"https:\/\/digital-selforder.com\/itbehrenbeck\/zulassungsstellen\/","url":"https:\/\/digital-selforder.com\/itbehrenbeck\/zulassungsstellen\/","name":"Zulassungsstellen - IT Behrenbeck","isPartOf":{"@id":"https:\/\/digital-selforder.com\/itbehrenbeck\/#website"},"datePublished":"2023-05-20T18:31:45+00:00","dateModified":"2023-06-08T10:03:38+00:00","breadcrumb":{"@id":"https:\/\/digital-selforder.com\/itbehrenbeck\/zulassungsstellen\/#breadcrumb"},"inLanguage":"de","potentialAction":[{"@type":"ReadAction","target":["https:\/\/digital-selforder.com\/itbehrenbeck\/zulassungsstellen\/"]}]},{"@type":"BreadcrumbList","@id":"https:\/\/digital-selforder.com\/itbehrenbeck\/zulassungsstellen\/#breadcrumb","itemListElement":[{"@type":"ListItem","position":1,"name":"Home","item":"https:\/\/digital-selforder.com\/itbehrenbeck\/"},{"@type":"ListItem","position":2,"name":"Zulassungsstellen"}]},{"@type":"WebSite","@id":"https:\/\/digital-selforder.com\/itbehrenbeck\/#website","url":"https:\/\/digital-selforder.com\/itbehrenbeck\/","name":"IT Behrenbeck","description":"","potentialAction":[{"@type":"SearchAction","target":{"@type":"EntryPoint","urlTemplate":"https:\/\/digital-selforder.com\/itbehrenbeck\/?s={search_term_string}"},"query-input":"required name=search_term_string"}],"inLanguage":"de"}]}},"_links":{"self":[{"href":"https:\/\/digital-selforder.com\/itbehrenbeck\/wp-json\/wp\/v2\/pages\/3198","targetHints":{"allow":["GET"]}}],"collection":[{"href":"https:\/\/digital-selforder.com\/itbehrenbeck\/wp-json\/wp\/v2\/pages"}],"about":[{"href":"https:\/\/digital-selforder.com\/itbehrenbeck\/wp-json\/wp\/v2\/types\/page"}],"author":[{"embeddable":true,"href":"https:\/\/digital-selforder.com\/itbehrenbeck\/wp-json\/wp\/v2\/users\/1"}],"replies":[{"embeddable":true,"href":"https:\/\/digital-selforder.com\/itbehrenbeck\/wp-json\/wp\/v2\/comments?post=3198"}],"version-history":[{"count":22,"href":"https:\/\/digital-selforder.com\/itbehrenbeck\/wp-json\/wp\/v2\/pages\/3198\/revisions"}],"predecessor-version":[{"id":4039,"href":"https:\/\/digital-selforder.com\/itbehrenbeck\/wp-json\/wp\/v2\/pages\/3198\/revisions\/4039"}],"wp:attachment":[{"href":"https:\/\/digital-selforder.com\/itbehrenbeck\/wp-json\/wp\/v2\/media?parent=3198"}],"curies":[{"name":"wp","href":"https:\/\/api.w.org\/{rel}","templated":true}]}}